{"id":3,"date":"2026-02-12T09:31:33","date_gmt":"2026-02-12T08:31:33","guid":{"rendered":"http:\/\/localhost\/gpyd-associes\/?page_id=3"},"modified":"2026-05-05T16:02:38","modified_gmt":"2026-05-05T14:02:38","slug":"politique-de-confidentialite","status":"publish","type":"page","link":"https:\/\/cdui6.greta-bretagne-sud.org\/zoeSallaz\/projet\/wordpress\/politique-de-confidentialite\/","title":{"rendered":"politique de confidentialit\u00e9"},"content":{"rendered":"\n<p><\/p>\n\n\n\n<p><\/p>\n\n\n\n<p>La pr\u00e9sente Politique de confidentialit\u00e9 d\u00e9finit la mani\u00e8re dont <strong>gpyd-associes.fr<\/strong> utilise et prot\u00e8ge les informations que vous nous transmettez lorsque vous utilisez ce site. En effet, nous accordons une grande importance \u00e0 la protection de votre vie priv\u00e9e.<\/p>\n\n\n\n<h2 class=\"wp-block-heading\">Qui sommes-nous&nbsp;?<\/h2>\n\n\n\n<p>L\u2019adresse de notre site est\u00a0: <strong>https:\/\/gpyd-associes.fr<\/strong><\/p>\n\n\n\n<h2 class=\"wp-block-heading\">Collecte des donn\u00e9es personnelles<\/h2>\n\n\n\n<p>Tout d\u2019abord, sachez que nous collectons les donn\u00e9es suivantes lorsque vous effectuez un achat ou nous contactez :<br>\u25cf Nom et pr\u00e9nom<br>\u25cf Adresse e-mail<br>\u25cf Donn\u00e9es de navigation (via les cookies)<\/p>\n\n\n\n<h2 class=\"wp-block-heading\">Contenu embarqu\u00e9 depuis d\u2019autres sites<\/h2>\n\n\n\n<p>Les articles de ce site peuvent inclure des contenus int\u00e9gr\u00e9s (vid\u00e9os, images, articles, etc.). Il faut savoir que le contenu int\u00e9gr\u00e9 se comporte exactement comme si vous vous rendiez sur l\u2019autre site source.<br>Ainsi, ces sites web pourraient collecter des donn\u00e9es sur vous ou utiliser des cookies tiers. Par exemple, ils peuvent suivre vos interactions si vous poss\u00e9dez un compte connect\u00e9 sur leur propre plateforme.<\/p>\n\n\n\n<h2 class=\"wp-block-heading\">Utilisation et transmission de vos donn\u00e9es personnelles<\/h2>\n\n\n\n<p>Concr\u00e8tement, les donn\u00e9es collect\u00e9es nous permettent de :<br>\u25cf Recevoir vos demandes via le formulaire de contact et vous contacter en retour<br>\u25cf Am\u00e9liorer le fonctionnement du site.<br>\u25cf Respecter nos obligations l\u00e9gales.<\/p>\n\n\n\n<h2 class=\"wp-block-heading\">Vos droits sur vos donn\u00e9es<\/h2>\n\n\n\n<p>Conform\u00e9ment au RGPD, vous disposez des droits suivants :<br>\u25cf Acc\u00e8s : Vous pouvez demander une copie de vos donn\u00e9es.<br>\u25cf Rectification : Vous pouvez corriger des donn\u00e9es inexactes.<br>\u25cf Suppression : Vous pouvez demander l\u2019effacement de vos donn\u00e9es.<br>Pour exercer ces droits, contactez-nous \u00e0 : <strong>&nbsp;<a href=\"mailto:info@plessis-associes.com\">info@plessis-associes.com<\/a><\/strong><br>En conclusion, vous pouvez demander un fichier de vos donn\u00e9es ou leur suppression. Toutefois, cela ne concerne pas les donn\u00e9es que nous devons l\u00e9galement conserver pour des raisons de s\u00e9curit\u00e9.<\/p>\n\n\n\n<p><\/p>\n\n\n\n<p><\/p>\n","protected":false},"excerpt":{"rendered":"<p>La pr\u00e9sente Politique de confidentialit\u00e9 d\u00e9finit la mani\u00e8re dont gpyd-associes.fr utilise et prot\u00e8ge les informations que vous nous transmettez lorsque vous utilisez ce site. En effet, nous accordons une grande importance \u00e0 la protection de votre vie priv\u00e9e. Qui sommes-nous&nbsp;? L\u2019adresse de notre site est\u00a0: https:\/\/gpyd-associes.fr Collecte des donn\u00e9es personnelles Tout d\u2019abord, sachez que nous [&hellip;]<\/p>\n","protected":false},"author":1,"featured_media":0,"parent":0,"menu_order":0,"comment_status":"closed","ping_status":"closed","template":"","meta":{"site-sidebar-layout":"default","site-content-layout":"","ast-site-content-layout":"default","site-content-style":"default","site-sidebar-style":"default","ast-global-header-display":"","ast-banner-title-visibility":"","ast-main-header-display":"","ast-hfb-above-header-display":"","ast-hfb-below-header-display":"","ast-hfb-mobile-header-display":"","site-post-title":"disabled","ast-breadcrumbs-content":"","ast-featured-img":"","footer-sml-layout":"","ast-disable-related-posts":"","theme-transparent-header-meta":"","adv-header-id-meta":"","stick-header-meta":"","header-above-stick-meta":"","header-main-stick-meta":"","header-below-stick-meta":"","astra-migrate-meta-layouts":"set","ast-page-background-enabled":"default","ast-page-background-meta":{"desktop":{"background-color":"var(--ast-global-color-4)","background-image":"","background-repeat":"repeat","background-position":"center center","background-size":"auto","background-attachment":"scroll","background-type":"","background-media":"","overlay-type":"","overlay-color":"","overlay-opacity":"","overlay-gradient":""},"tablet":{"background-color":"","background-image":"","background-repeat":"repeat","background-position":"center center","background-size":"auto","background-attachment":"scroll","background-type":"","background-media":"","overlay-type":"","overlay-color":"","overlay-opacity":"","overlay-gradient":""},"mobile":{"background-color":"","background-image":"","background-repeat":"repeat","background-position":"center center","background-size":"auto","background-attachment":"scroll","background-type":"","background-media":"","overlay-type":"","overlay-color":"","overlay-opacity":"","overlay-gradient":""}},"ast-content-background-meta":{"desktop":{"background-color":"var(--ast-global-color-5)","background-image":"","background-repeat":"repeat","background-position":"center center","background-size":"auto","background-attachment":"scroll","background-type":"","background-media":"","overlay-type":"","overlay-color":"","overlay-opacity":"","overlay-gradient":""},"tablet":{"background-color":"var(--ast-global-color-5)","background-image":"","background-repeat":"repeat","background-position":"center center","background-size":"auto","background-attachment":"scroll","background-type":"","background-media":"","overlay-type":"","overlay-color":"","overlay-opacity":"","overlay-gradient":""},"mobile":{"background-color":"var(--ast-global-color-5)","background-image":"","background-repeat":"repeat","background-position":"center center","background-size":"auto","background-attachment":"scroll","background-type":"","background-media":"","overlay-type":"","overlay-color":"","overlay-opacity":"","overlay-gradient":""}},"footnotes":""},"class_list":["post-3","page","type-page","status-publish","hentry"],"yoast_head":"<!-- This site is optimized with the Yoast SEO plugin v27.6 - https:\/\/yoast.com\/product\/yoast-seo-wordpress\/ -->\n<title>politique de confidentialit\u00e9 - gpyd-associes<\/title>\n<meta name=\"robots\" content=\"noindex, nofollow\" \/>\n<meta property=\"og:locale\" content=\"fr_FR\" \/>\n<meta property=\"og:type\" content=\"article\" \/>\n<meta property=\"og:title\" content=\"politique de confidentialit\u00e9 - gpyd-associes\" \/>\n<meta property=\"og:description\" content=\"La pr\u00e9sente Politique de confidentialit\u00e9 d\u00e9finit la mani\u00e8re dont gpyd-associes.fr utilise et prot\u00e8ge les informations que vous nous transmettez lorsque vous utilisez ce site. En effet, nous accordons une grande importance \u00e0 la protection de votre vie priv\u00e9e. Qui sommes-nous&nbsp;? L\u2019adresse de notre site est\u00a0: https:\/\/gpyd-associes.fr Collecte des donn\u00e9es personnelles Tout d\u2019abord, sachez que nous [&hellip;]\" \/>\n<meta property=\"og:url\" content=\"https:\/\/cdui6.greta-bretagne-sud.org\/zoeSallaz\/projet\/wordpress\/politique-de-confidentialite\/\" \/>\n<meta property=\"og:site_name\" content=\"gpyd-associes\" \/>\n<meta property=\"article:modified_time\" content=\"2026-05-05T14:02:38+00:00\" \/>\n<meta name=\"twitter:card\" content=\"summary_large_image\" \/>\n<meta name=\"twitter:label1\" content=\"Dur\u00e9e de lecture estim\u00e9e\" \/>\n\t<meta name=\"twitter:data1\" content=\"2 minutes\" \/>\n<script type=\"application\/ld+json\" class=\"yoast-schema-graph\">{\"@context\":\"https:\\\/\\\/schema.org\",\"@graph\":[{\"@type\":\"WebPage\",\"@id\":\"https:\\\/\\\/cdui6.greta-bretagne-sud.org\\\/zoeSallaz\\\/projet\\\/wordpress\\\/politique-de-confidentialite\\\/\",\"url\":\"https:\\\/\\\/cdui6.greta-bretagne-sud.org\\\/zoeSallaz\\\/projet\\\/wordpress\\\/politique-de-confidentialite\\\/\",\"name\":\"politique de confidentialit\u00e9 - gpyd-associes\",\"isPartOf\":{\"@id\":\"https:\\\/\\\/cdui6.greta-bretagne-sud.org\\\/zoeSallaz\\\/projet\\\/wordpress\\\/#website\"},\"datePublished\":\"2026-02-12T08:31:33+00:00\",\"dateModified\":\"2026-05-05T14:02:38+00:00\",\"breadcrumb\":{\"@id\":\"https:\\\/\\\/cdui6.greta-bretagne-sud.org\\\/zoeSallaz\\\/projet\\\/wordpress\\\/politique-de-confidentialite\\\/#breadcrumb\"},\"inLanguage\":\"fr-FR\",\"potentialAction\":[{\"@type\":\"ReadAction\",\"target\":[\"https:\\\/\\\/cdui6.greta-bretagne-sud.org\\\/zoeSallaz\\\/projet\\\/wordpress\\\/politique-de-confidentialite\\\/\"]}]},{\"@type\":\"BreadcrumbList\",\"@id\":\"https:\\\/\\\/cdui6.greta-bretagne-sud.org\\\/zoeSallaz\\\/projet\\\/wordpress\\\/politique-de-confidentialite\\\/#breadcrumb\",\"itemListElement\":[{\"@type\":\"ListItem\",\"position\":1,\"name\":\"Accueil\",\"item\":\"https:\\\/\\\/cdui6.greta-bretagne-sud.org\\\/zoeSallaz\\\/projet\\\/wordpress\\\/\"},{\"@type\":\"ListItem\",\"position\":2,\"name\":\"politique de confidentialit\u00e9\"}]},{\"@type\":\"WebSite\",\"@id\":\"https:\\\/\\\/cdui6.greta-bretagne-sud.org\\\/zoeSallaz\\\/projet\\\/wordpress\\\/#website\",\"url\":\"https:\\\/\\\/cdui6.greta-bretagne-sud.org\\\/zoeSallaz\\\/projet\\\/wordpress\\\/\",\"name\":\"gpyd-associes\",\"description\":\"agence d&#039;architecture navale\",\"publisher\":{\"@id\":\"https:\\\/\\\/cdui6.greta-bretagne-sud.org\\\/zoeSallaz\\\/projet\\\/wordpress\\\/#organization\"},\"potentialAction\":[{\"@type\":\"SearchAction\",\"target\":{\"@type\":\"EntryPoint\",\"urlTemplate\":\"https:\\\/\\\/cdui6.greta-bretagne-sud.org\\\/zoeSallaz\\\/projet\\\/wordpress\\\/?s={search_term_string}\"},\"query-input\":{\"@type\":\"PropertyValueSpecification\",\"valueRequired\":true,\"valueName\":\"search_term_string\"}}],\"inLanguage\":\"fr-FR\"},{\"@type\":\"Organization\",\"@id\":\"https:\\\/\\\/cdui6.greta-bretagne-sud.org\\\/zoeSallaz\\\/projet\\\/wordpress\\\/#organization\",\"name\":\"gpyd-associes\",\"url\":\"https:\\\/\\\/cdui6.greta-bretagne-sud.org\\\/zoeSallaz\\\/projet\\\/wordpress\\\/\",\"logo\":{\"@type\":\"ImageObject\",\"inLanguage\":\"fr-FR\",\"@id\":\"https:\\\/\\\/cdui6.greta-bretagne-sud.org\\\/zoeSallaz\\\/projet\\\/wordpress\\\/#\\\/schema\\\/logo\\\/image\\\/\",\"url\":\"https:\\\/\\\/cdui6.greta-bretagne-sud.org\\\/zoeSallaz\\\/projet\\\/wordpress\\\/wp-content\\\/uploads\\\/2026\\\/02\\\/gpyd_k_bleu72dpi_web.png\",\"contentUrl\":\"https:\\\/\\\/cdui6.greta-bretagne-sud.org\\\/zoeSallaz\\\/projet\\\/wordpress\\\/wp-content\\\/uploads\\\/2026\\\/02\\\/gpyd_k_bleu72dpi_web.png\",\"width\":851,\"height\":1823,\"caption\":\"gpyd-associes\"},\"image\":{\"@id\":\"https:\\\/\\\/cdui6.greta-bretagne-sud.org\\\/zoeSallaz\\\/projet\\\/wordpress\\\/#\\\/schema\\\/logo\\\/image\\\/\"}}]}<\/script>\n<!-- \/ Yoast SEO plugin. -->","yoast_head_json":{"title":"politique de confidentialit\u00e9 - gpyd-associes","robots":{"index":"noindex","follow":"nofollow"},"og_locale":"fr_FR","og_type":"article","og_title":"politique de confidentialit\u00e9 - gpyd-associes","og_description":"La pr\u00e9sente Politique de confidentialit\u00e9 d\u00e9finit la mani\u00e8re dont gpyd-associes.fr utilise et prot\u00e8ge les informations que vous nous transmettez lorsque vous utilisez ce site. En effet, nous accordons une grande importance \u00e0 la protection de votre vie priv\u00e9e. Qui sommes-nous&nbsp;? L\u2019adresse de notre site est\u00a0: https:\/\/gpyd-associes.fr Collecte des donn\u00e9es personnelles Tout d\u2019abord, sachez que nous [&hellip;]","og_url":"https:\/\/cdui6.greta-bretagne-sud.org\/zoeSallaz\/projet\/wordpress\/politique-de-confidentialite\/","og_site_name":"gpyd-associes","article_modified_time":"2026-05-05T14:02:38+00:00","twitter_card":"summary_large_image","twitter_misc":{"Dur\u00e9e de lecture estim\u00e9e":"2 minutes"},"schema":{"@context":"https:\/\/schema.org","@graph":[{"@type":"WebPage","@id":"https:\/\/cdui6.greta-bretagne-sud.org\/zoeSallaz\/projet\/wordpress\/politique-de-confidentialite\/","url":"https:\/\/cdui6.greta-bretagne-sud.org\/zoeSallaz\/projet\/wordpress\/politique-de-confidentialite\/","name":"politique de confidentialit\u00e9 - gpyd-associes","isPartOf":{"@id":"https:\/\/cdui6.greta-bretagne-sud.org\/zoeSallaz\/projet\/wordpress\/#website"},"datePublished":"2026-02-12T08:31:33+00:00","dateModified":"2026-05-05T14:02:38+00:00","breadcrumb":{"@id":"https:\/\/cdui6.greta-bretagne-sud.org\/zoeSallaz\/projet\/wordpress\/politique-de-confidentialite\/#breadcrumb"},"inLanguage":"fr-FR","potentialAction":[{"@type":"ReadAction","target":["https:\/\/cdui6.greta-bretagne-sud.org\/zoeSallaz\/projet\/wordpress\/politique-de-confidentialite\/"]}]},{"@type":"BreadcrumbList","@id":"https:\/\/cdui6.greta-bretagne-sud.org\/zoeSallaz\/projet\/wordpress\/politique-de-confidentialite\/#breadcrumb","itemListElement":[{"@type":"ListItem","position":1,"name":"Accueil","item":"https:\/\/cdui6.greta-bretagne-sud.org\/zoeSallaz\/projet\/wordpress\/"},{"@type":"ListItem","position":2,"name":"politique de confidentialit\u00e9"}]},{"@type":"WebSite","@id":"https:\/\/cdui6.greta-bretagne-sud.org\/zoeSallaz\/projet\/wordpress\/#website","url":"https:\/\/cdui6.greta-bretagne-sud.org\/zoeSallaz\/projet\/wordpress\/","name":"gpyd-associes","description":"agence d&#039;architecture navale","publisher":{"@id":"https:\/\/cdui6.greta-bretagne-sud.org\/zoeSallaz\/projet\/wordpress\/#organization"},"potentialAction":[{"@type":"SearchAction","target":{"@type":"EntryPoint","urlTemplate":"https:\/\/cdui6.greta-bretagne-sud.org\/zoeSallaz\/projet\/wordpress\/?s={search_term_string}"},"query-input":{"@type":"PropertyValueSpecification","valueRequired":true,"valueName":"search_term_string"}}],"inLanguage":"fr-FR"},{"@type":"Organization","@id":"https:\/\/cdui6.greta-bretagne-sud.org\/zoeSallaz\/projet\/wordpress\/#organization","name":"gpyd-associes","url":"https:\/\/cdui6.greta-bretagne-sud.org\/zoeSallaz\/projet\/wordpress\/","logo":{"@type":"ImageObject","inLanguage":"fr-FR","@id":"https:\/\/cdui6.greta-bretagne-sud.org\/zoeSallaz\/projet\/wordpress\/#\/schema\/logo\/image\/","url":"https:\/\/cdui6.greta-bretagne-sud.org\/zoeSallaz\/projet\/wordpress\/wp-content\/uploads\/2026\/02\/gpyd_k_bleu72dpi_web.png","contentUrl":"https:\/\/cdui6.greta-bretagne-sud.org\/zoeSallaz\/projet\/wordpress\/wp-content\/uploads\/2026\/02\/gpyd_k_bleu72dpi_web.png","width":851,"height":1823,"caption":"gpyd-associes"},"image":{"@id":"https:\/\/cdui6.greta-bretagne-sud.org\/zoeSallaz\/projet\/wordpress\/#\/schema\/logo\/image\/"}}]}},"_links":{"self":[{"href":"https:\/\/cdui6.greta-bretagne-sud.org\/zoeSallaz\/projet\/wordpress\/wp-json\/wp\/v2\/pages\/3","targetHints":{"allow":["GET"]}}],"collection":[{"href":"https:\/\/cdui6.greta-bretagne-sud.org\/zoeSallaz\/projet\/wordpress\/wp-json\/wp\/v2\/pages"}],"about":[{"href":"https:\/\/cdui6.greta-bretagne-sud.org\/zoeSallaz\/projet\/wordpress\/wp-json\/wp\/v2\/types\/page"}],"author":[{"embeddable":true,"href":"https:\/\/cdui6.greta-bretagne-sud.org\/zoeSallaz\/projet\/wordpress\/wp-json\/wp\/v2\/users\/1"}],"replies":[{"embeddable":true,"href":"https:\/\/cdui6.greta-bretagne-sud.org\/zoeSallaz\/projet\/wordpress\/wp-json\/wp\/v2\/comments?post=3"}],"version-history":[{"count":5,"href":"https:\/\/cdui6.greta-bretagne-sud.org\/zoeSallaz\/projet\/wordpress\/wp-json\/wp\/v2\/pages\/3\/revisions"}],"predecessor-version":[{"id":3142,"href":"https:\/\/cdui6.greta-bretagne-sud.org\/zoeSallaz\/projet\/wordpress\/wp-json\/wp\/v2\/pages\/3\/revisions\/3142"}],"wp:attachment":[{"href":"https:\/\/cdui6.greta-bretagne-sud.org\/zoeSallaz\/projet\/wordpress\/wp-json\/wp\/v2\/media?parent=3"}],"curies":[{"name":"wp","href":"https:\/\/api.w.org\/{rel}","templated":true}]}}