{"id":1906,"date":"2026-02-18T10:59:42","date_gmt":"2026-02-18T09:59:42","guid":{"rendered":"https:\/\/cdui6.greta-bretagne-sud.org\/zoeSallaz\/projet\/wordpress\/?page_id=1906"},"modified":"2026-05-05T15:49:15","modified_gmt":"2026-05-05T13:49:15","slug":"mentions-legales","status":"publish","type":"page","link":"https:\/\/cdui6.greta-bretagne-sud.org\/zoeSallaz\/projet\/wordpress\/mentions-legales\/","title":{"rendered":"mentions l\u00e9gales"},"content":{"rendered":"\t\t<div data-elementor-type=\"wp-page\" data-elementor-id=\"1906\" class=\"elementor elementor-1906\">\n\t\t\t\t<div class=\"elementor-element elementor-element-4bcfc11e e-flex e-con-boxed e-con e-parent\" data-id=\"4bcfc11e\" data-element_type=\"container\" data-e-type=\"container\">\n\t\t\t\t\t<div class=\"e-con-inner\">\n\t\t\t\t<div class=\"elementor-element elementor-element-2d4df134 elementor-widget elementor-widget-text-editor\" data-id=\"2d4df134\" data-element_type=\"widget\" data-e-type=\"widget\" data-widget_type=\"text-editor.default\">\n\t\t\t\t\t\t\t\t\t<header class=\"entry-header \"><h1 class=\"entry-title\">Mentions l\u00e9gales<\/h1><\/header><div class=\"entry-content clear\" data-ast-blocks-layout=\"true\"><h3 class=\"wp-block-heading\">\u00c9diteur du site<\/h3><p>En vertu de l\u2019article 6 de la loi n\u00b0 2004-575 du 21 juin 2004 pour la confiance dans l\u2019\u00e9conomie num\u00e9rique, il est pr\u00e9cis\u00e9 aux utilisateurs du site internet <strong>https:\/\/www.gpyd-associes.fr<\/strong> \u00a0l\u2019identit\u00e9 des diff\u00e9rents intervenants dans le cadre de sa r\u00e9alisation et de son suivi :<\/p><ul><li>D\u00e9nomination : G. Plessis &amp; Associes YD<\/li><li>Forme juridique et capital : SAS au capital de 3 000 euros<\/li><li>Si\u00e8ge social : 14, Kerhuilic 56150 Saint Barthelemy<\/li><li>Contact : <a style=\"font-size: 16px; background-color: #ffffff;\" href=\"mailto:info@plessis-associes.com\">info@plessis-associes.com<\/a><\/li><li><span style=\"font-size: 16px;\">SIRET : 94218553900015<\/span><\/li><li>RCS : 942 185 539 R.C.S. Lorient<\/li><li>RNE : inscrit<\/li><li>Code NAF\/APE : 7112B<\/li><li>R\u00e9f\u00e9rence : IFAN (equiv. ordre des architectes)<\/li><\/ul><p><strong>Responsable de la publication :<\/strong> Gildas Plessis<br \/>Adresse e-mail : info@plessis-associes.com<\/p><p><strong>D\u00e9l\u00e9gu\u00e9 \u00e0 la protection des donn\u00e9es<\/strong> :\u00a0 Gildas Plessis<br \/>Adresse e-mail : info@plessis-associes.com<\/p><h3 class=\"wp-block-heading\">H\u00e9bergement<\/h3><p>Le site est h\u00e9berg\u00e9 par :<\/p><p><strong>OVH SAS \/ \u00e0 confirmer\u00a0<\/strong><br \/>2 rue Kellermann \u2013 59100 Roubaix \u2013 France<br \/><a href=\"https:\/\/www.ovhcloud.com\/fr\/\" target=\"_blank\" rel=\"noreferrer noopener\">www.ovhcloud.com<\/a><\/p><h3 class=\"wp-block-heading\">Propri\u00e9t\u00e9 intellectuelle<\/h3><p>L\u2019ensemble des contenus pr\u00e9sents sur le site\u00a0<strong>gpyd-associes.fr<\/strong>\u00a0(textes, images, graphismes, logos, etc.) sont la propri\u00e9t\u00e9 exclusive de leur auteur, sauf mention contraire. Toute reproduction, distribution, modification ou adaptation est strictement interdite sans autorisation \u00e9crite pr\u00e9alable.<\/p><h3 class=\"wp-block-heading\">Utilisation des cookies<\/h3><p>Ce site utilise des cookies n\u00e9cessaires \u00e0 son bon fonctionnement. Certains cookies peuvent \u00eatre utilis\u00e9s \u00e0 des fins statistiques anonymes uniquement apr\u00e8s votre consentement.<\/p><p>Vous pouvez accepter ou refuser les cookies via la banni\u00e8re de consentement affich\u00e9e lors de votre premi\u00e8re visite, ou modifier vos pr\u00e9f\u00e9rences \u00e0 tout moment dans les param\u00e8tres de votre navigateur.<\/p><h3 class=\"wp-block-heading\">Donn\u00e9es personnelles<\/h3><p>Le site\u00a0<strong>gpyd-associes.fr<\/strong>\u00a0ne collecte pas de donn\u00e9es personnelles autres que les cookies techniques. Si vous contactez l\u2019\u00e9diteur par email ou via un formulaire, les informations transmises ne sont utilis\u00e9es que pour r\u00e9pondre \u00e0 votre demande et ne sont jamais c\u00e9d\u00e9es \u00e0 des tiers.<\/p><p>Conform\u00e9ment au R\u00e8glement G\u00e9n\u00e9ral sur la Protection des Donn\u00e9es (RGPD), vous disposez d\u2019un droit d\u2019acc\u00e8s, de rectification et de suppression de vos donn\u00e9es. Pour exercer ces droits, vous pouvez \u00e9crire \u00e0 l\u2019adresse de contact figurant ci-dessus.<\/p><h3 class=\"wp-block-heading\">Responsabilit\u00e9<\/h3><p>D\u2019autre part, l&rsquo;\u00e9diteur du site d\u00e9cline toute responsabilit\u00e9 pour les dommages directs et indirects caus\u00e9s au mat\u00e9riel de l\u2019utilisateur lors de l\u2019acc\u00e8s au site creastef.fr. En outre, bien que l\u2019\u00e9diteur s\u2019efforce d\u2019assurer l\u2019exactitude des informations diffus\u00e9es, il ne peut garantir l\u2019absence totale d\u2019omissions ou d\u2019erreurs. Ainsi, vous utilisez ce site sous votre propre responsabilit\u00e9.<\/p><h3>Donn\u00e9es personnelles et Cookies<\/h3><p>Enfin, le site <strong>gpyd-associes.fr<\/strong> r\u00e9colte des donn\u00e9es uniquement pour le traitement des commandes et l\u2019analyse des statistiques de visite. Si vous souhaitez en savoir plus sur l\u2019usage de vos informations, nous vous invitons \u00e0 consulter notre Politique de confidentialit\u00e9<\/p><h3 class=\"wp-block-heading\">Mise \u00e0 jour<\/h3><p>Ces mentions l\u00e9gales ont \u00e9t\u00e9 mises \u00e0 jour en mai 2026.<\/p><\/div><p><!-- \/wp:paragraph --><\/p>\t\t\t\t\t\t\t\t<\/div>\n\t\t\t\t\t<\/div>\n\t\t\t\t<\/div>\n\t\t\t\t<\/div>\n\t\t","protected":false},"excerpt":{"rendered":"<p>Mentions l\u00e9gales \u00c9diteur du site En vertu de l\u2019article 6 de la loi n\u00b0 2004-575 du 21 juin 2004 pour la confiance dans l\u2019\u00e9conomie num\u00e9rique, il est pr\u00e9cis\u00e9 aux utilisateurs du site internet https:\/\/www.gpyd-associes.fr \u00a0l\u2019identit\u00e9 des diff\u00e9rents intervenants dans le cadre de sa r\u00e9alisation et de son suivi : D\u00e9nomination : G. Plessis &amp; Associes [&hellip;]<\/p>\n","protected":false},"author":1,"featured_media":0,"parent":0,"menu_order":0,"comment_status":"closed","ping_status":"closed","template":"","meta":{"site-sidebar-layout":"default","site-content-layout":"","ast-site-content-layout":"default","site-content-style":"default","site-sidebar-style":"default","ast-global-header-display":"","ast-banner-title-visibility":"","ast-main-header-display":"","ast-hfb-above-header-display":"","ast-hfb-below-header-display":"","ast-hfb-mobile-header-display":"","site-post-title":"","ast-breadcrumbs-content":"","ast-featured-img":"","footer-sml-layout":"","ast-disable-related-posts":"","theme-transparent-header-meta":"","adv-header-id-meta":"","stick-header-meta":"","header-above-stick-meta":"","header-main-stick-meta":"","header-below-stick-meta":"","astra-migrate-meta-layouts":"set","ast-page-background-enabled":"default","ast-page-background-meta":{"desktop":{"background-color":"var(--ast-global-color-4)","background-image":"","background-repeat":"repeat","background-position":"center center","background-size":"auto","background-attachment":"scroll","background-type":"","background-media":"","overlay-type":"","overlay-color":"","overlay-opacity":"","overlay-gradient":""},"tablet":{"background-color":"","background-image":"","background-repeat":"repeat","background-position":"center center","background-size":"auto","background-attachment":"scroll","background-type":"","background-media":"","overlay-type":"","overlay-color":"","overlay-opacity":"","overlay-gradient":""},"mobile":{"background-color":"","background-image":"","background-repeat":"repeat","background-position":"center center","background-size":"auto","background-attachment":"scroll","background-type":"","background-media":"","overlay-type":"","overlay-color":"","overlay-opacity":"","overlay-gradient":""}},"ast-content-background-meta":{"desktop":{"background-color":"var(--ast-global-color-5)","background-image":"","background-repeat":"repeat","background-position":"center center","background-size":"auto","background-attachment":"scroll","background-type":"","background-media":"","overlay-type":"","overlay-color":"","overlay-opacity":"","overlay-gradient":""},"tablet":{"background-color":"var(--ast-global-color-5)","background-image":"","background-repeat":"repeat","background-position":"center center","background-size":"auto","background-attachment":"scroll","background-type":"","background-media":"","overlay-type":"","overlay-color":"","overlay-opacity":"","overlay-gradient":""},"mobile":{"background-color":"var(--ast-global-color-5)","background-image":"","background-repeat":"repeat","background-position":"center center","background-size":"auto","background-attachment":"scroll","background-type":"","background-media":"","overlay-type":"","overlay-color":"","overlay-opacity":"","overlay-gradient":""}},"footnotes":""},"class_list":["post-1906","page","type-page","status-publish","hentry"],"yoast_head":"<!-- This site is optimized with the Yoast SEO plugin v27.6 - https:\/\/yoast.com\/product\/yoast-seo-wordpress\/ -->\n<title>mentions l\u00e9gales - gpyd-associes<\/title>\n<meta name=\"robots\" content=\"noindex, follow, max-snippet:-1, max-image-preview:large, max-video-preview:-1\" \/>\n<meta property=\"og:locale\" content=\"fr_FR\" \/>\n<meta property=\"og:type\" content=\"article\" \/>\n<meta property=\"og:title\" content=\"mentions l\u00e9gales - gpyd-associes\" \/>\n<meta property=\"og:description\" content=\"Mentions l\u00e9gales \u00c9diteur du site En vertu de l\u2019article 6 de la loi n\u00b0 2004-575 du 21 juin 2004 pour la confiance dans l\u2019\u00e9conomie num\u00e9rique, il est pr\u00e9cis\u00e9 aux utilisateurs du site internet https:\/\/www.gpyd-associes.fr \u00a0l\u2019identit\u00e9 des diff\u00e9rents intervenants dans le cadre de sa r\u00e9alisation et de son suivi : D\u00e9nomination : G. Plessis &amp; Associes [&hellip;]\" \/>\n<meta property=\"og:url\" content=\"https:\/\/cdui6.greta-bretagne-sud.org\/zoeSallaz\/projet\/wordpress\/mentions-legales\/\" \/>\n<meta property=\"og:site_name\" content=\"gpyd-associes\" \/>\n<meta property=\"article:modified_time\" content=\"2026-05-05T13:49:15+00:00\" \/>\n<meta name=\"twitter:card\" content=\"summary_large_image\" \/>\n<meta name=\"twitter:label1\" content=\"Dur\u00e9e de lecture estim\u00e9e\" \/>\n\t<meta name=\"twitter:data1\" content=\"3 minutes\" \/>\n<script type=\"application\/ld+json\" class=\"yoast-schema-graph\">{\"@context\":\"https:\\\/\\\/schema.org\",\"@graph\":[{\"@type\":\"WebPage\",\"@id\":\"https:\\\/\\\/cdui6.greta-bretagne-sud.org\\\/zoeSallaz\\\/projet\\\/wordpress\\\/mentions-legales\\\/\",\"url\":\"https:\\\/\\\/cdui6.greta-bretagne-sud.org\\\/zoeSallaz\\\/projet\\\/wordpress\\\/mentions-legales\\\/\",\"name\":\"mentions l\u00e9gales - gpyd-associes\",\"isPartOf\":{\"@id\":\"https:\\\/\\\/cdui6.greta-bretagne-sud.org\\\/zoeSallaz\\\/projet\\\/wordpress\\\/#website\"},\"datePublished\":\"2026-02-18T09:59:42+00:00\",\"dateModified\":\"2026-05-05T13:49:15+00:00\",\"breadcrumb\":{\"@id\":\"https:\\\/\\\/cdui6.greta-bretagne-sud.org\\\/zoeSallaz\\\/projet\\\/wordpress\\\/mentions-legales\\\/#breadcrumb\"},\"inLanguage\":\"fr-FR\",\"potentialAction\":[{\"@type\":\"ReadAction\",\"target\":[\"https:\\\/\\\/cdui6.greta-bretagne-sud.org\\\/zoeSallaz\\\/projet\\\/wordpress\\\/mentions-legales\\\/\"]}]},{\"@type\":\"BreadcrumbList\",\"@id\":\"https:\\\/\\\/cdui6.greta-bretagne-sud.org\\\/zoeSallaz\\\/projet\\\/wordpress\\\/mentions-legales\\\/#breadcrumb\",\"itemListElement\":[{\"@type\":\"ListItem\",\"position\":1,\"name\":\"Accueil\",\"item\":\"https:\\\/\\\/cdui6.greta-bretagne-sud.org\\\/zoeSallaz\\\/projet\\\/wordpress\\\/\"},{\"@type\":\"ListItem\",\"position\":2,\"name\":\"mentions l\u00e9gales\"}]},{\"@type\":\"WebSite\",\"@id\":\"https:\\\/\\\/cdui6.greta-bretagne-sud.org\\\/zoeSallaz\\\/projet\\\/wordpress\\\/#website\",\"url\":\"https:\\\/\\\/cdui6.greta-bretagne-sud.org\\\/zoeSallaz\\\/projet\\\/wordpress\\\/\",\"name\":\"gpyd-associes\",\"description\":\"agence d&#039;architecture navale\",\"publisher\":{\"@id\":\"https:\\\/\\\/cdui6.greta-bretagne-sud.org\\\/zoeSallaz\\\/projet\\\/wordpress\\\/#organization\"},\"potentialAction\":[{\"@type\":\"SearchAction\",\"target\":{\"@type\":\"EntryPoint\",\"urlTemplate\":\"https:\\\/\\\/cdui6.greta-bretagne-sud.org\\\/zoeSallaz\\\/projet\\\/wordpress\\\/?s={search_term_string}\"},\"query-input\":{\"@type\":\"PropertyValueSpecification\",\"valueRequired\":true,\"valueName\":\"search_term_string\"}}],\"inLanguage\":\"fr-FR\"},{\"@type\":\"Organization\",\"@id\":\"https:\\\/\\\/cdui6.greta-bretagne-sud.org\\\/zoeSallaz\\\/projet\\\/wordpress\\\/#organization\",\"name\":\"gpyd-associes\",\"url\":\"https:\\\/\\\/cdui6.greta-bretagne-sud.org\\\/zoeSallaz\\\/projet\\\/wordpress\\\/\",\"logo\":{\"@type\":\"ImageObject\",\"inLanguage\":\"fr-FR\",\"@id\":\"https:\\\/\\\/cdui6.greta-bretagne-sud.org\\\/zoeSallaz\\\/projet\\\/wordpress\\\/#\\\/schema\\\/logo\\\/image\\\/\",\"url\":\"https:\\\/\\\/cdui6.greta-bretagne-sud.org\\\/zoeSallaz\\\/projet\\\/wordpress\\\/wp-content\\\/uploads\\\/2026\\\/02\\\/gpyd_k_bleu72dpi_web.png\",\"contentUrl\":\"https:\\\/\\\/cdui6.greta-bretagne-sud.org\\\/zoeSallaz\\\/projet\\\/wordpress\\\/wp-content\\\/uploads\\\/2026\\\/02\\\/gpyd_k_bleu72dpi_web.png\",\"width\":851,\"height\":1823,\"caption\":\"gpyd-associes\"},\"image\":{\"@id\":\"https:\\\/\\\/cdui6.greta-bretagne-sud.org\\\/zoeSallaz\\\/projet\\\/wordpress\\\/#\\\/schema\\\/logo\\\/image\\\/\"}}]}<\/script>\n<!-- \/ Yoast SEO plugin. -->","yoast_head_json":{"title":"mentions l\u00e9gales - gpyd-associes","robots":{"index":"noindex","follow":"follow","max-snippet":"max-snippet:-1","max-image-preview":"max-image-preview:large","max-video-preview":"max-video-preview:-1"},"og_locale":"fr_FR","og_type":"article","og_title":"mentions l\u00e9gales - gpyd-associes","og_description":"Mentions l\u00e9gales \u00c9diteur du site En vertu de l\u2019article 6 de la loi n\u00b0 2004-575 du 21 juin 2004 pour la confiance dans l\u2019\u00e9conomie num\u00e9rique, il est pr\u00e9cis\u00e9 aux utilisateurs du site internet https:\/\/www.gpyd-associes.fr \u00a0l\u2019identit\u00e9 des diff\u00e9rents intervenants dans le cadre de sa r\u00e9alisation et de son suivi : D\u00e9nomination : G. Plessis &amp; Associes [&hellip;]","og_url":"https:\/\/cdui6.greta-bretagne-sud.org\/zoeSallaz\/projet\/wordpress\/mentions-legales\/","og_site_name":"gpyd-associes","article_modified_time":"2026-05-05T13:49:15+00:00","twitter_card":"summary_large_image","twitter_misc":{"Dur\u00e9e de lecture estim\u00e9e":"3 minutes"},"schema":{"@context":"https:\/\/schema.org","@graph":[{"@type":"WebPage","@id":"https:\/\/cdui6.greta-bretagne-sud.org\/zoeSallaz\/projet\/wordpress\/mentions-legales\/","url":"https:\/\/cdui6.greta-bretagne-sud.org\/zoeSallaz\/projet\/wordpress\/mentions-legales\/","name":"mentions l\u00e9gales - gpyd-associes","isPartOf":{"@id":"https:\/\/cdui6.greta-bretagne-sud.org\/zoeSallaz\/projet\/wordpress\/#website"},"datePublished":"2026-02-18T09:59:42+00:00","dateModified":"2026-05-05T13:49:15+00:00","breadcrumb":{"@id":"https:\/\/cdui6.greta-bretagne-sud.org\/zoeSallaz\/projet\/wordpress\/mentions-legales\/#breadcrumb"},"inLanguage":"fr-FR","potentialAction":[{"@type":"ReadAction","target":["https:\/\/cdui6.greta-bretagne-sud.org\/zoeSallaz\/projet\/wordpress\/mentions-legales\/"]}]},{"@type":"BreadcrumbList","@id":"https:\/\/cdui6.greta-bretagne-sud.org\/zoeSallaz\/projet\/wordpress\/mentions-legales\/#breadcrumb","itemListElement":[{"@type":"ListItem","position":1,"name":"Accueil","item":"https:\/\/cdui6.greta-bretagne-sud.org\/zoeSallaz\/projet\/wordpress\/"},{"@type":"ListItem","position":2,"name":"mentions l\u00e9gales"}]},{"@type":"WebSite","@id":"https:\/\/cdui6.greta-bretagne-sud.org\/zoeSallaz\/projet\/wordpress\/#website","url":"https:\/\/cdui6.greta-bretagne-sud.org\/zoeSallaz\/projet\/wordpress\/","name":"gpyd-associes","description":"agence d&#039;architecture navale","publisher":{"@id":"https:\/\/cdui6.greta-bretagne-sud.org\/zoeSallaz\/projet\/wordpress\/#organization"},"potentialAction":[{"@type":"SearchAction","target":{"@type":"EntryPoint","urlTemplate":"https:\/\/cdui6.greta-bretagne-sud.org\/zoeSallaz\/projet\/wordpress\/?s={search_term_string}"},"query-input":{"@type":"PropertyValueSpecification","valueRequired":true,"valueName":"search_term_string"}}],"inLanguage":"fr-FR"},{"@type":"Organization","@id":"https:\/\/cdui6.greta-bretagne-sud.org\/zoeSallaz\/projet\/wordpress\/#organization","name":"gpyd-associes","url":"https:\/\/cdui6.greta-bretagne-sud.org\/zoeSallaz\/projet\/wordpress\/","logo":{"@type":"ImageObject","inLanguage":"fr-FR","@id":"https:\/\/cdui6.greta-bretagne-sud.org\/zoeSallaz\/projet\/wordpress\/#\/schema\/logo\/image\/","url":"https:\/\/cdui6.greta-bretagne-sud.org\/zoeSallaz\/projet\/wordpress\/wp-content\/uploads\/2026\/02\/gpyd_k_bleu72dpi_web.png","contentUrl":"https:\/\/cdui6.greta-bretagne-sud.org\/zoeSallaz\/projet\/wordpress\/wp-content\/uploads\/2026\/02\/gpyd_k_bleu72dpi_web.png","width":851,"height":1823,"caption":"gpyd-associes"},"image":{"@id":"https:\/\/cdui6.greta-bretagne-sud.org\/zoeSallaz\/projet\/wordpress\/#\/schema\/logo\/image\/"}}]}},"_links":{"self":[{"href":"https:\/\/cdui6.greta-bretagne-sud.org\/zoeSallaz\/projet\/wordpress\/wp-json\/wp\/v2\/pages\/1906","targetHints":{"allow":["GET"]}}],"collection":[{"href":"https:\/\/cdui6.greta-bretagne-sud.org\/zoeSallaz\/projet\/wordpress\/wp-json\/wp\/v2\/pages"}],"about":[{"href":"https:\/\/cdui6.greta-bretagne-sud.org\/zoeSallaz\/projet\/wordpress\/wp-json\/wp\/v2\/types\/page"}],"author":[{"embeddable":true,"href":"https:\/\/cdui6.greta-bretagne-sud.org\/zoeSallaz\/projet\/wordpress\/wp-json\/wp\/v2\/users\/1"}],"replies":[{"embeddable":true,"href":"https:\/\/cdui6.greta-bretagne-sud.org\/zoeSallaz\/projet\/wordpress\/wp-json\/wp\/v2\/comments?post=1906"}],"version-history":[{"count":11,"href":"https:\/\/cdui6.greta-bretagne-sud.org\/zoeSallaz\/projet\/wordpress\/wp-json\/wp\/v2\/pages\/1906\/revisions"}],"predecessor-version":[{"id":3138,"href":"https:\/\/cdui6.greta-bretagne-sud.org\/zoeSallaz\/projet\/wordpress\/wp-json\/wp\/v2\/pages\/1906\/revisions\/3138"}],"wp:attachment":[{"href":"https:\/\/cdui6.greta-bretagne-sud.org\/zoeSallaz\/projet\/wordpress\/wp-json\/wp\/v2\/media?parent=1906"}],"curies":[{"name":"wp","href":"https:\/\/api.w.org\/{rel}","templated":true}]}}