{"id":1184,"date":"2026-02-12T10:20:14","date_gmt":"2026-02-12T09:20:14","guid":{"rendered":"http:\/\/localhost\/gpyd-associes\/?page_id=1184"},"modified":"2026-05-13T15:03:31","modified_gmt":"2026-05-13T13:03:31","slug":"presse","status":"publish","type":"page","link":"https:\/\/cdui6.greta-bretagne-sud.org\/zoeSallaz\/projet\/wordpress\/presse\/","title":{"rendered":"presse"},"content":{"rendered":"\t\t<div data-elementor-type=\"wp-page\" data-elementor-id=\"1184\" class=\"elementor elementor-1184\">\n\t\t\t\t<div class=\"elementor-element elementor-element-9b12e39 e-flex e-con-boxed e-con e-parent\" data-id=\"9b12e39\" data-element_type=\"container\" data-e-type=\"container\">\n\t\t\t\t\t<div class=\"e-con-inner\">\n\t\t\t\t<div class=\"elementor-element elementor-element-cbe20ca elementor-widget elementor-widget-heading\" data-id=\"cbe20ca\" data-element_type=\"widget\" data-e-type=\"widget\" data-widget_type=\"heading.default\">\n\t\t\t\t\t<h1 class=\"elementor-heading-title elementor-size-default\">Articles de presse<\/h1>\t\t\t\t<\/div>\n\t\t\t\t\t<\/div>\n\t\t\t\t<\/div>\n\t\t<div class=\"elementor-element elementor-element-39cba0e e-flex e-con-boxed e-con e-parent\" data-id=\"39cba0e\" data-element_type=\"container\" data-e-type=\"container\">\n\t\t\t\t\t<div class=\"e-con-inner\">\n\t\t<div class=\"elementor-element elementor-element-fa25ab8 e-con-full e-flex e-con e-child\" data-id=\"fa25ab8\" data-element_type=\"container\" data-e-type=\"container\">\n\t\t\t\t<div class=\"elementor-element elementor-element-38f61dd elementor-widget elementor-widget-filter-widget\" data-id=\"38f61dd\" data-element_type=\"widget\" data-e-type=\"widget\" data-settings=\"{&quot;filter_post_type&quot;:&quot;article_de_presse&quot;,&quot;nothing_found_message&quot;:&quot;It seems we can\\u2019t find what you\\u2019re looking for.&quot;,&quot;target_selector&quot;:&quot;#presse-grid&quot;,&quot;is_facetted&quot;:&quot;yes&quot;,&quot;group_logic&quot;:&quot;AND&quot;,&quot;filter_custom_handler&quot;:&quot;no&quot;,&quot;optimize_query&quot;:&quot;no&quot;,&quot;no_found_rows&quot;:&quot;no&quot;,&quot;suppress_filters&quot;:&quot;no&quot;,&quot;posts_per_page&quot;:-1,&quot;scroll_to_top&quot;:&quot;yes&quot;}\" data-widget_type=\"filter-widget.default\">\n\t\t\t\t<div class=\"elementor-widget-container\">\n\t\t\t\t\t\n\t\t\t<div class=\"filter-container\" data-target-post-widget=\"#presse-grid\">\n\t\t\t<form id=\"filter-38f61dd\" class=\"form-tax elementor-grid disable-facet\" action=\"\/\" method=\"get\" autocomplete=\"on\">\n\t\t\t<input type=\"hidden\" name=\"bpf_filter_nonce\" value=\"6b93d5f1d9\">\n\t\t\t\n\t\t\t\t\t\t<div class=\"flex-wrapper taille_bateau_presse\">\n\t\t\t\t\t\t<div class=\"filter-title collapsible\" data-toggle-id=\"c1d7b31\">Taille du programme<\/div>\n\t\t\t\t\t\t<div class=\"bpfwe-taxonomy-wrapper elementor-repeater-item-c1d7b31  \" data-logic=\"OR\">\n\t\t\t\t\t\t<ul class=\"taxonomy-filter \">\n\t\t\t\t\t\t\n\t\t\t\t\t\t\t<li class=\"parent-term\">\n\t\t\t\t\t\t\t\t\n\t\t\t\t\t\t\t\t<label for=\"5-a-10-metres-38f61dd\">\n\t\t\t\t\t\t\t\t<input type=\"checkbox\" id=\"5-a-10-metres-38f61dd\" class=\"bpfwe-filter-item\" name=\"taille_bateau_presse\" data-taxonomy=\"taille_bateau_presse\" value=\"80\" \/>\n\t\t\t\t\t\t\t\t<span><span class=\"label-text\">5 \u00e0 10 m\u00e8tres<\/span><\/span>\n\t\t\t\t\t\t\t\t<span class=\"low-group-trigger\" role=\"button\" aria-expanded=\"false\">+<\/span>\n\t\t\t\t\t\t\t\t<\/label>\n\t\t\t\t\t\t\t<\/li>\n\t\t\t\t\t\t<\/ul>\n\t\t\t\t\t\t<\/div>\n\t\t\t\t\t\t<\/div>\n\t\t\t\t\t\t<button type=\"submit\" value=\"submit\" class=\"submit-form\">chercher<\/button><button type=\"reset\" class=\"reset-form\" value=\"reset\" onclick=\"this.form.reset();\">R\u00e9initialiser<\/button><\/form><\/div>\t\t\t\t<\/div>\n\t\t\t\t<\/div>\n\t\t\t\t<\/div>\n\t\t\t\t\t<\/div>\n\t\t\t\t<\/div>\n\t\t<div class=\"elementor-element elementor-element-f746e24 e-flex e-con-boxed e-con e-parent\" data-id=\"f746e24\" data-element_type=\"container\" data-e-type=\"container\">\n\t\t\t\t\t<div class=\"e-con-inner\">\n\t\t\t\t<div class=\"elementor-element elementor-element-0efd9f9 elementor-grid-eael-col-6 eael-grid-post elementor-grid-tablet-eael-col-2 elementor-grid-mobile-eael-col-1 elementor-widget elementor-widget-eael-post-grid\" data-id=\"0efd9f9\" data-element_type=\"widget\" data-e-type=\"widget\" id=\"presse-grid\" data-settings=\"{&quot;eael_post_grid_columns&quot;:&quot;eael-col-6&quot;,&quot;eael_post_grid_columns_tablet&quot;:&quot;eael-col-2&quot;,&quot;eael_post_grid_columns_mobile&quot;:&quot;eael-col-1&quot;}\" data-widget_type=\"eael-post-grid.default\">\n\t\t\t\t\t<div id=\"eael-post-grid-0efd9f9\" class=\"eael-post-grid-container\">\n            <div class=\"eael-post-grid eael-post-appender eael-post-appender-0efd9f9 eael-post-grid-style-two\" data-layout-mode=\"masonry\"><article class=\"eael-grid-post  eael-post-grid-column eael-pg-post-3324\" data-id=\"3324\">\n    <div class=\"eael-grid-post-holder\">\n        <div class=\"eael-grid-post-holder-inner\"><div class=\"eael-entry-wrapper\"><header class=\"eael-entry-header\"><h2 class=\"eael-entry-title\"><a class=\"eael-grid-post-link\" href=\"https:\/\/cdui6.greta-bretagne-sud.org\/zoeSallaz\/projet\/wordpress\/article_de_presse\/kaori-550-escale-nautique\/\" title=\"Kaori 550 &#8211; Escale Nautique\">Kaori 550 &#8211; Escale Nautique<\/a><\/h2><\/header><div class=\"eael-entry-content\">\n                                <div class=\"eael-grid-post-excerpt\"><p>Kaori 550 \/ Escale nautique Escale nautique \/ 2023 \/...<\/p><\/div>\n                            <\/div><div class=\"eael-entry-header-after style-two\"><div class=\"eael-entry-meta\"><span class=\"eael-meta-posted-on\"><i class=\"far fa-clock\"><\/i><time datetime=\"11 mai 2026\">11 mai 2026<\/time><\/span><\/div><\/div><\/div><\/div>\n    <\/div>\n<\/article><\/div>\n            <div class=\"clearfix\"><\/div>\n        <\/div>\t\t\t\t<\/div>\n\t\t\t\t\t<\/div>\n\t\t\t\t<\/div>\n\t\t\t\t<\/div>\n\t\t","protected":false},"excerpt":{"rendered":"<p>Articles de presse Taille du programme 5 \u00e0 10 m\u00e8tres + chercherR\u00e9initialiser No posts found!<\/p>\n","protected":false},"author":1,"featured_media":0,"parent":0,"menu_order":0,"comment_status":"closed","ping_status":"closed","template":"","meta":{"site-sidebar-layout":"no-sidebar","site-content-layout":"page-builder","ast-site-content-layout":"full-width-container","site-content-style":"unboxed","site-sidebar-style":"unboxed","ast-global-header-display":"","ast-banner-title-visibility":"","ast-main-header-display":"","ast-hfb-above-header-display":"","ast-hfb-below-header-display":"","ast-hfb-mobile-header-display":"","site-post-title":"disabled","ast-breadcrumbs-content":"","ast-featured-img":"disabled","footer-sml-layout":"","ast-disable-related-posts":"","theme-transparent-header-meta":"","adv-header-id-meta":"","stick-header-meta":"","header-above-stick-meta":"","header-main-stick-meta":"","header-below-stick-meta":"","astra-migrate-meta-layouts":"set","ast-page-background-enabled":"default","ast-page-background-meta":{"desktop":{"background-color":"var(--ast-global-color-4)","background-image":"","background-repeat":"repeat","background-position":"center center","background-size":"auto","background-attachment":"scroll","background-type":"","background-media":"","overlay-type":"","overlay-color":"","overlay-opacity":"","overlay-gradient":""},"tablet":{"background-color":"","background-image":"","background-repeat":"repeat","background-position":"center center","background-size":"auto","background-attachment":"scroll","background-type":"","background-media":"","overlay-type":"","overlay-color":"","overlay-opacity":"","overlay-gradient":""},"mobile":{"background-color":"","background-image":"","background-repeat":"repeat","background-position":"center center","background-size":"auto","background-attachment":"scroll","background-type":"","background-media":"","overlay-type":"","overlay-color":"","overlay-opacity":"","overlay-gradient":""}},"ast-content-background-meta":{"desktop":{"background-color":"var(--ast-global-color-5)","background-image":"","background-repeat":"repeat","background-position":"center center","background-size":"auto","background-attachment":"scroll","background-type":"","background-media":"","overlay-type":"","overlay-color":"","overlay-opacity":"","overlay-gradient":""},"tablet":{"background-color":"var(--ast-global-color-5)","background-image":"","background-repeat":"repeat","background-position":"center center","background-size":"auto","background-attachment":"scroll","background-type":"","background-media":"","overlay-type":"","overlay-color":"","overlay-opacity":"","overlay-gradient":""},"mobile":{"background-color":"var(--ast-global-color-5)","background-image":"","background-repeat":"repeat","background-position":"center center","background-size":"auto","background-attachment":"scroll","background-type":"","background-media":"","overlay-type":"","overlay-color":"","overlay-opacity":"","overlay-gradient":""}},"footnotes":""},"class_list":["post-1184","page","type-page","status-publish","hentry"],"yoast_head":"<!-- This site is optimized with the Yoast SEO plugin v27.6 - https:\/\/yoast.com\/product\/yoast-seo-wordpress\/ -->\n<title>presse - gpyd-associes<\/title>\n<meta name=\"description\" content=\"Retrouvez ici des extraits de presse sp\u00e9cialis\u00e9e faisant part de nos projets, collaborations pass\u00e9es ou futurs.\" \/>\n<meta name=\"robots\" content=\"noindex, follow, max-snippet:-1, max-image-preview:large, max-video-preview:-1\" \/>\n<meta property=\"og:locale\" content=\"fr_FR\" \/>\n<meta property=\"og:type\" content=\"article\" \/>\n<meta property=\"og:title\" content=\"presse - gpyd-associes\" \/>\n<meta property=\"og:description\" content=\"Retrouvez ici des extraits de presse sp\u00e9cialis\u00e9e faisant part de nos projets, collaborations pass\u00e9es ou futurs.\" \/>\n<meta property=\"og:url\" content=\"https:\/\/cdui6.greta-bretagne-sud.org\/zoeSallaz\/projet\/wordpress\/presse\/\" \/>\n<meta property=\"og:site_name\" content=\"gpyd-associes\" \/>\n<meta property=\"article:modified_time\" content=\"2026-05-13T13:03:31+00:00\" \/>\n<meta name=\"twitter:card\" content=\"summary_large_image\" \/>\n<meta name=\"twitter:label1\" content=\"Dur\u00e9e de lecture estim\u00e9e\" \/>\n\t<meta name=\"twitter:data1\" content=\"1 minute\" \/>\n<script type=\"application\/ld+json\" class=\"yoast-schema-graph\">{\"@context\":\"https:\\\/\\\/schema.org\",\"@graph\":[{\"@type\":\"WebPage\",\"@id\":\"https:\\\/\\\/cdui6.greta-bretagne-sud.org\\\/zoeSallaz\\\/projet\\\/wordpress\\\/presse\\\/\",\"url\":\"https:\\\/\\\/cdui6.greta-bretagne-sud.org\\\/zoeSallaz\\\/projet\\\/wordpress\\\/presse\\\/\",\"name\":\"presse - gpyd-associes\",\"isPartOf\":{\"@id\":\"https:\\\/\\\/cdui6.greta-bretagne-sud.org\\\/zoeSallaz\\\/projet\\\/wordpress\\\/#website\"},\"datePublished\":\"2026-02-12T09:20:14+00:00\",\"dateModified\":\"2026-05-13T13:03:31+00:00\",\"description\":\"Retrouvez ici des extraits de presse sp\u00e9cialis\u00e9e faisant part de nos projets, collaborations pass\u00e9es ou futurs.\",\"breadcrumb\":{\"@id\":\"https:\\\/\\\/cdui6.greta-bretagne-sud.org\\\/zoeSallaz\\\/projet\\\/wordpress\\\/presse\\\/#breadcrumb\"},\"inLanguage\":\"fr-FR\",\"potentialAction\":[{\"@type\":\"ReadAction\",\"target\":[\"https:\\\/\\\/cdui6.greta-bretagne-sud.org\\\/zoeSallaz\\\/projet\\\/wordpress\\\/presse\\\/\"]}]},{\"@type\":\"BreadcrumbList\",\"@id\":\"https:\\\/\\\/cdui6.greta-bretagne-sud.org\\\/zoeSallaz\\\/projet\\\/wordpress\\\/presse\\\/#breadcrumb\",\"itemListElement\":[{\"@type\":\"ListItem\",\"position\":1,\"name\":\"Accueil\",\"item\":\"https:\\\/\\\/cdui6.greta-bretagne-sud.org\\\/zoeSallaz\\\/projet\\\/wordpress\\\/\"},{\"@type\":\"ListItem\",\"position\":2,\"name\":\"presse\"}]},{\"@type\":\"WebSite\",\"@id\":\"https:\\\/\\\/cdui6.greta-bretagne-sud.org\\\/zoeSallaz\\\/projet\\\/wordpress\\\/#website\",\"url\":\"https:\\\/\\\/cdui6.greta-bretagne-sud.org\\\/zoeSallaz\\\/projet\\\/wordpress\\\/\",\"name\":\"gpyd-associes\",\"description\":\"agence d&#039;architecture navale\",\"publisher\":{\"@id\":\"https:\\\/\\\/cdui6.greta-bretagne-sud.org\\\/zoeSallaz\\\/projet\\\/wordpress\\\/#organization\"},\"potentialAction\":[{\"@type\":\"SearchAction\",\"target\":{\"@type\":\"EntryPoint\",\"urlTemplate\":\"https:\\\/\\\/cdui6.greta-bretagne-sud.org\\\/zoeSallaz\\\/projet\\\/wordpress\\\/?s={search_term_string}\"},\"query-input\":{\"@type\":\"PropertyValueSpecification\",\"valueRequired\":true,\"valueName\":\"search_term_string\"}}],\"inLanguage\":\"fr-FR\"},{\"@type\":\"Organization\",\"@id\":\"https:\\\/\\\/cdui6.greta-bretagne-sud.org\\\/zoeSallaz\\\/projet\\\/wordpress\\\/#organization\",\"name\":\"gpyd-associes\",\"url\":\"https:\\\/\\\/cdui6.greta-bretagne-sud.org\\\/zoeSallaz\\\/projet\\\/wordpress\\\/\",\"logo\":{\"@type\":\"ImageObject\",\"inLanguage\":\"fr-FR\",\"@id\":\"https:\\\/\\\/cdui6.greta-bretagne-sud.org\\\/zoeSallaz\\\/projet\\\/wordpress\\\/#\\\/schema\\\/logo\\\/image\\\/\",\"url\":\"https:\\\/\\\/cdui6.greta-bretagne-sud.org\\\/zoeSallaz\\\/projet\\\/wordpress\\\/wp-content\\\/uploads\\\/2026\\\/02\\\/gpyd_k_bleu72dpi_web.png\",\"contentUrl\":\"https:\\\/\\\/cdui6.greta-bretagne-sud.org\\\/zoeSallaz\\\/projet\\\/wordpress\\\/wp-content\\\/uploads\\\/2026\\\/02\\\/gpyd_k_bleu72dpi_web.png\",\"width\":851,\"height\":1823,\"caption\":\"gpyd-associes\"},\"image\":{\"@id\":\"https:\\\/\\\/cdui6.greta-bretagne-sud.org\\\/zoeSallaz\\\/projet\\\/wordpress\\\/#\\\/schema\\\/logo\\\/image\\\/\"}}]}<\/script>\n<!-- \/ Yoast SEO plugin. -->","yoast_head_json":{"title":"presse - gpyd-associes","description":"Retrouvez ici des extraits de presse sp\u00e9cialis\u00e9e faisant part de nos projets, collaborations pass\u00e9es ou futurs.","robots":{"index":"noindex","follow":"follow","max-snippet":"max-snippet:-1","max-image-preview":"max-image-preview:large","max-video-preview":"max-video-preview:-1"},"og_locale":"fr_FR","og_type":"article","og_title":"presse - gpyd-associes","og_description":"Retrouvez ici des extraits de presse sp\u00e9cialis\u00e9e faisant part de nos projets, collaborations pass\u00e9es ou futurs.","og_url":"https:\/\/cdui6.greta-bretagne-sud.org\/zoeSallaz\/projet\/wordpress\/presse\/","og_site_name":"gpyd-associes","article_modified_time":"2026-05-13T13:03:31+00:00","twitter_card":"summary_large_image","twitter_misc":{"Dur\u00e9e de lecture estim\u00e9e":"1 minute"},"schema":{"@context":"https:\/\/schema.org","@graph":[{"@type":"WebPage","@id":"https:\/\/cdui6.greta-bretagne-sud.org\/zoeSallaz\/projet\/wordpress\/presse\/","url":"https:\/\/cdui6.greta-bretagne-sud.org\/zoeSallaz\/projet\/wordpress\/presse\/","name":"presse - gpyd-associes","isPartOf":{"@id":"https:\/\/cdui6.greta-bretagne-sud.org\/zoeSallaz\/projet\/wordpress\/#website"},"datePublished":"2026-02-12T09:20:14+00:00","dateModified":"2026-05-13T13:03:31+00:00","description":"Retrouvez ici des extraits de presse sp\u00e9cialis\u00e9e faisant part de nos projets, collaborations pass\u00e9es ou futurs.","breadcrumb":{"@id":"https:\/\/cdui6.greta-bretagne-sud.org\/zoeSallaz\/projet\/wordpress\/presse\/#breadcrumb"},"inLanguage":"fr-FR","potentialAction":[{"@type":"ReadAction","target":["https:\/\/cdui6.greta-bretagne-sud.org\/zoeSallaz\/projet\/wordpress\/presse\/"]}]},{"@type":"BreadcrumbList","@id":"https:\/\/cdui6.greta-bretagne-sud.org\/zoeSallaz\/projet\/wordpress\/presse\/#breadcrumb","itemListElement":[{"@type":"ListItem","position":1,"name":"Accueil","item":"https:\/\/cdui6.greta-bretagne-sud.org\/zoeSallaz\/projet\/wordpress\/"},{"@type":"ListItem","position":2,"name":"presse"}]},{"@type":"WebSite","@id":"https:\/\/cdui6.greta-bretagne-sud.org\/zoeSallaz\/projet\/wordpress\/#website","url":"https:\/\/cdui6.greta-bretagne-sud.org\/zoeSallaz\/projet\/wordpress\/","name":"gpyd-associes","description":"agence d&#039;architecture navale","publisher":{"@id":"https:\/\/cdui6.greta-bretagne-sud.org\/zoeSallaz\/projet\/wordpress\/#organization"},"potentialAction":[{"@type":"SearchAction","target":{"@type":"EntryPoint","urlTemplate":"https:\/\/cdui6.greta-bretagne-sud.org\/zoeSallaz\/projet\/wordpress\/?s={search_term_string}"},"query-input":{"@type":"PropertyValueSpecification","valueRequired":true,"valueName":"search_term_string"}}],"inLanguage":"fr-FR"},{"@type":"Organization","@id":"https:\/\/cdui6.greta-bretagne-sud.org\/zoeSallaz\/projet\/wordpress\/#organization","name":"gpyd-associes","url":"https:\/\/cdui6.greta-bretagne-sud.org\/zoeSallaz\/projet\/wordpress\/","logo":{"@type":"ImageObject","inLanguage":"fr-FR","@id":"https:\/\/cdui6.greta-bretagne-sud.org\/zoeSallaz\/projet\/wordpress\/#\/schema\/logo\/image\/","url":"https:\/\/cdui6.greta-bretagne-sud.org\/zoeSallaz\/projet\/wordpress\/wp-content\/uploads\/2026\/02\/gpyd_k_bleu72dpi_web.png","contentUrl":"https:\/\/cdui6.greta-bretagne-sud.org\/zoeSallaz\/projet\/wordpress\/wp-content\/uploads\/2026\/02\/gpyd_k_bleu72dpi_web.png","width":851,"height":1823,"caption":"gpyd-associes"},"image":{"@id":"https:\/\/cdui6.greta-bretagne-sud.org\/zoeSallaz\/projet\/wordpress\/#\/schema\/logo\/image\/"}}]}},"_links":{"self":[{"href":"https:\/\/cdui6.greta-bretagne-sud.org\/zoeSallaz\/projet\/wordpress\/wp-json\/wp\/v2\/pages\/1184","targetHints":{"allow":["GET"]}}],"collection":[{"href":"https:\/\/cdui6.greta-bretagne-sud.org\/zoeSallaz\/projet\/wordpress\/wp-json\/wp\/v2\/pages"}],"about":[{"href":"https:\/\/cdui6.greta-bretagne-sud.org\/zoeSallaz\/projet\/wordpress\/wp-json\/wp\/v2\/types\/page"}],"author":[{"embeddable":true,"href":"https:\/\/cdui6.greta-bretagne-sud.org\/zoeSallaz\/projet\/wordpress\/wp-json\/wp\/v2\/users\/1"}],"replies":[{"embeddable":true,"href":"https:\/\/cdui6.greta-bretagne-sud.org\/zoeSallaz\/projet\/wordpress\/wp-json\/wp\/v2\/comments?post=1184"}],"version-history":[{"count":101,"href":"https:\/\/cdui6.greta-bretagne-sud.org\/zoeSallaz\/projet\/wordpress\/wp-json\/wp\/v2\/pages\/1184\/revisions"}],"predecessor-version":[{"id":3616,"href":"https:\/\/cdui6.greta-bretagne-sud.org\/zoeSallaz\/projet\/wordpress\/wp-json\/wp\/v2\/pages\/1184\/revisions\/3616"}],"wp:attachment":[{"href":"https:\/\/cdui6.greta-bretagne-sud.org\/zoeSallaz\/projet\/wordpress\/wp-json\/wp\/v2\/media?parent=1184"}],"curies":[{"name":"wp","href":"https:\/\/api.w.org\/{rel}","templated":true}]}}